{"id":63,"date":"2025-02-07T19:46:22","date_gmt":"2025-02-07T19:46:22","guid":{"rendered":"https:\/\/musesolution.ca\/?page_id=63"},"modified":"2026-03-13T16:49:33","modified_gmt":"2026-03-13T16:49:33","slug":"nous-joindre","status":"publish","type":"page","link":"https:\/\/musesolution.ca\/fr\/nous-joindre\/","title":{"rendered":"Nous Joindre"},"content":{"rendered":"\t\t<div data-elementor-type=\"wp-page\" data-elementor-id=\"63\" class=\"elementor elementor-63\" data-elementor-post-type=\"page\">\n\t\t\t\t<div class=\"elementor-element elementor-element-2c0fef8 e-con-full e-flex e-con e-parent\" data-id=\"2c0fef8\" data-element_type=\"container\" data-settings=\"{&quot;background_background&quot;:&quot;classic&quot;}\">\n\t\t<div class=\"elementor-element elementor-element-0b178fa e-con-full e-flex e-con e-child\" data-id=\"0b178fa\" data-element_type=\"container\">\n\t\t\t\t<div class=\"elementor-element elementor-element-a362690 elementor-invisible elementor-widget elementor-widget-image\" data-id=\"a362690\" data-element_type=\"widget\" data-settings=\"{&quot;_animation&quot;:&quot;slideInLeft&quot;}\" data-widget_type=\"image.default\">\n\t\t\t\t<div class=\"elementor-widget-container\">\n\t\t\t\t\t\t\t\t\t\t\t\t\t\t\t<img fetchpriority=\"high\" decoding=\"async\" width=\"1700\" height=\"1158\" src=\"https:\/\/musesolution.ca\/wp-content\/uploads\/2025\/02\/banniere-joindre.jpg\" class=\"attachment-full size-full wp-image-1720\" alt=\"\" srcset=\"https:\/\/musesolution.ca\/wp-content\/uploads\/2025\/02\/banniere-joindre.jpg 1700w, https:\/\/musesolution.ca\/wp-content\/uploads\/2025\/02\/banniere-joindre-300x204.jpg 300w, https:\/\/musesolution.ca\/wp-content\/uploads\/2025\/02\/banniere-joindre-1024x698.jpg 1024w, https:\/\/musesolution.ca\/wp-content\/uploads\/2025\/02\/banniere-joindre-768x523.jpg 768w, https:\/\/musesolution.ca\/wp-content\/uploads\/2025\/02\/banniere-joindre-1536x1046.jpg 1536w\" sizes=\"(max-width: 1700px) 100vw, 1700px\" title=\"\">\t\t\t\t\t\t\t\t\t\t\t\t\t\t\t<\/div>\n\t\t\t\t<\/div>\n\t\t\t\t<\/div>\n\t\t<div class=\"elementor-element elementor-element-4a699bc e-con-full e-flex e-con e-child\" data-id=\"4a699bc\" data-element_type=\"container\">\n\t\t<div class=\"elementor-element elementor-element-e221101 e-con-full e-flex e-con e-child\" data-id=\"e221101\" data-element_type=\"container\">\n\t\t\t\t<div class=\"elementor-element elementor-element-0046f15 elementor-widget elementor-widget-heading\" data-id=\"0046f15\" data-element_type=\"widget\" data-widget_type=\"heading.default\">\n\t\t\t\t<div class=\"elementor-widget-container\">\n\t\t\t\t\t<h1 class=\"elementor-heading-title elementor-size-default\">Expertise en <strong>gestion<br> de conception, design et \ngestion de construction<\/strong><\/h1>\t\t\t\t<\/div>\n\t\t\t\t<\/div>\n\t\t\t\t<\/div>\n\t\t\t\t<\/div>\n\t\t\t\t<\/div>\n\t\t<div class=\"elementor-element elementor-element-da1da18 e-con-full e-flex e-con e-parent\" data-id=\"da1da18\" data-element_type=\"container\" data-settings=\"{&quot;background_background&quot;:&quot;classic&quot;}\">\n\t\t<div class=\"elementor-element elementor-element-ec3d145 e-flex e-con-boxed e-con e-child\" data-id=\"ec3d145\" data-element_type=\"container\">\n\t\t\t\t\t<div class=\"e-con-inner\">\n\t\t\t\t<div class=\"elementor-element elementor-element-9cb6630 elementor-widget elementor-widget-heading\" data-id=\"9cb6630\" data-element_type=\"widget\" data-widget_type=\"heading.default\">\n\t\t\t\t<div class=\"elementor-widget-container\">\n\t\t\t\t\t<h3 class=\"elementor-heading-title elementor-size-default\">Parlez-nous de votre projet<\/h3>\t\t\t\t<\/div>\n\t\t\t\t<\/div>\n\t\t\t\t<div class=\"elementor-element elementor-element-d49177c texte animated-slow elementor-widget__width-initial elementor-invisible elementor-widget elementor-widget-text-editor\" data-id=\"d49177c\" data-element_type=\"widget\" data-settings=\"{&quot;_animation&quot;:&quot;fadeIn&quot;}\" data-widget_type=\"text-editor.default\">\n\t\t\t\t<div class=\"elementor-widget-container\">\n\t\t\t\t\t\t\t\t\t<p>Nous planifierons rapidement un premier \u00e9change<\/p>\t\t\t\t\t\t\t\t<\/div>\n\t\t\t\t<\/div>\n\t\t\t\t<div class=\"elementor-element elementor-element-e932f4e elementor-widget elementor-widget-html\" data-id=\"e932f4e\" data-element_type=\"widget\" data-widget_type=\"html.default\">\n\t\t\t\t<div class=\"elementor-widget-container\">\n\t\t\t\t\t<script>\r\ndocument.addEventListener('DOMContentLoaded', function() {\r\n\r\n    const select = document.querySelector('[name=\"form_fields[type]\"]');\r\n    const autreField = document.querySelector('[name=\"form_fields[autredetail]\"]').closest('.elementor-field-group');\r\n\r\n    function toggleAutre() {\r\n        if (select.value === 'Autre') {\r\n            autreField.style.display = 'block';\r\n        } else {\r\n            autreField.style.display = 'none';\r\n        }\r\n    }\r\n\r\n    autreField.style.display = 'none';\r\n\r\n    select.addEventListener('change', toggleAutre);\r\n\r\n});\r\n<\/script>\t\t\t\t<\/div>\n\t\t\t\t<\/div>\n\t\t\t\t<div class=\"elementor-element elementor-element-c7731d5 elementor-widget__width-initial elementor-button-align-stretch elementor-widget elementor-widget-form\" data-id=\"c7731d5\" data-element_type=\"widget\" data-settings=\"{&quot;step_next_label&quot;:&quot;Next&quot;,&quot;step_previous_label&quot;:&quot;Previous&quot;,&quot;button_width&quot;:&quot;100&quot;,&quot;step_type&quot;:&quot;number_text&quot;,&quot;step_icon_shape&quot;:&quot;circle&quot;}\" data-widget_type=\"form.default\">\n\t\t\t\t<div class=\"elementor-widget-container\">\n\t\t\t\t\t\t\t<form class=\"elementor-form\" method=\"post\" id=\"nousjoindre\" name=\"Nous joindre\">\n\t\t\t<input type=\"hidden\" name=\"post_id\" value=\"63\"\/>\n\t\t\t<input type=\"hidden\" name=\"form_id\" value=\"c7731d5\"\/>\n\t\t\t<input type=\"hidden\" name=\"referer_title\" value=\"\" \/>\n\n\t\t\t\n\t\t\t<div class=\"elementor-form-fields-wrapper elementor-labels-above\">\n\t\t\t\t\t\t\t\t<div class=\"elementor-field-type-text elementor-field-group elementor-column elementor-field-group-firstname elementor-col-50\">\n\t\t\t\t\t\t\t\t\t\t\t\t<label for=\"form-field-firstname\" class=\"elementor-field-label\">\n\t\t\t\t\t\t\t\tPr\u00e9nom\t\t\t\t\t\t\t<\/label>\n\t\t\t\t\t\t\t\t\t\t\t\t\t\t<input size=\"1\" type=\"text\" name=\"form_fields[firstname]\" id=\"form-field-firstname\" class=\"elementor-field elementor-size-sm  elementor-field-textual\" placeholder=\"Pr\u00e9nom\">\n\t\t\t\t\t\t\t\t\t\t\t<\/div>\n\t\t\t\t\t\t\t\t<div class=\"elementor-field-type-text elementor-field-group elementor-column elementor-field-group-lastname elementor-col-50\">\n\t\t\t\t\t\t\t\t\t\t\t\t<label for=\"form-field-lastname\" class=\"elementor-field-label\">\n\t\t\t\t\t\t\t\tNom\t\t\t\t\t\t\t<\/label>\n\t\t\t\t\t\t\t\t\t\t\t\t\t\t<input size=\"1\" type=\"text\" name=\"form_fields[lastname]\" id=\"form-field-lastname\" class=\"elementor-field elementor-size-sm  elementor-field-textual\" placeholder=\"Nom\">\n\t\t\t\t\t\t\t\t\t\t\t<\/div>\n\t\t\t\t\t\t\t\t<div class=\"elementor-field-type-email elementor-field-group elementor-column elementor-field-group-email elementor-col-50 elementor-field-required\">\n\t\t\t\t\t\t\t\t\t\t\t\t<label for=\"form-field-email\" class=\"elementor-field-label\">\n\t\t\t\t\t\t\t\tCourriel*\t\t\t\t\t\t\t<\/label>\n\t\t\t\t\t\t\t\t\t\t\t\t\t\t<input size=\"1\" type=\"email\" name=\"form_fields[email]\" id=\"form-field-email\" class=\"elementor-field elementor-size-sm  elementor-field-textual\" placeholder=\"Courriel*\" required=\"required\">\n\t\t\t\t\t\t\t\t\t\t\t<\/div>\n\t\t\t\t\t\t\t\t<div class=\"elementor-field-type-tel elementor-field-group elementor-column elementor-field-group-phone elementor-col-50\">\n\t\t\t\t\t\t\t\t\t\t\t\t<label for=\"form-field-phone\" class=\"elementor-field-label\">\n\t\t\t\t\t\t\t\tT\u00e9l\u00e9phone\t\t\t\t\t\t\t<\/label>\n\t\t\t\t\t\t\t\t<input size=\"1\" type=\"tel\" name=\"form_fields[phone]\" id=\"form-field-phone\" class=\"elementor-field elementor-size-sm  elementor-field-textual\" placeholder=\"T\u00e9l\u00e9phone\" pattern=\"[0-9()#&amp;+*-=.]+\" title=\"Seuls les caract\u00e8res de num\u00e9ros de t\u00e9l\u00e9phone (#, -, *, etc.) sont accept\u00e9s.\">\n\n\t\t\t\t\t\t<\/div>\n\t\t\t\t\t\t\t\t<div class=\"elementor-field-type-select elementor-field-group elementor-column elementor-field-group-type elementor-col-100\">\n\t\t\t\t\t\t\t\t\t\t\t\t<label for=\"form-field-type\" class=\"elementor-field-label\">\n\t\t\t\t\t\t\t\tType de projet\t\t\t\t\t\t\t<\/label>\n\t\t\t\t\t\t\t\t<div class=\"elementor-field elementor-select-wrapper remove-before \">\n\t\t\t<div class=\"select-caret-down-wrapper\">\n\t\t\t\t<svg aria-hidden=\"true\" class=\"e-font-icon-svg e-eicon-caret-down\" viewBox=\"0 0 571.4 571.4\" xmlns=\"http:\/\/www.w3.org\/2000\/svg\"><path d=\"M571 393Q571 407 561 418L311 668Q300 679 286 679T261 668L11 418Q0 407 0 393T11 368 36 357H536Q550 357 561 368T571 393Z\"><\/path><\/svg>\t\t\t<\/div>\n\t\t\t<select name=\"form_fields[type]\" id=\"form-field-type\" class=\"elementor-field-textual elementor-size-sm\">\n\t\t\t\t\t\t\t\t\t<option value=\"Type de projet\">Type de projet<\/option>\n\t\t\t\t\t\t\t\t\t<option value=\"Bureaux\">Bureaux<\/option>\n\t\t\t\t\t\t\t\t\t<option value=\"Clinique M\u00e9dicale\">Clinique M\u00e9dicale<\/option>\n\t\t\t\t\t\t\t\t\t<option value=\"Restaurant\">Restaurant<\/option>\n\t\t\t\t\t\t\t\t\t<option value=\"Institutionnel\">Institutionnel<\/option>\n\t\t\t\t\t\t\t\t\t<option value=\"Industriel\">Industriel<\/option>\n\t\t\t\t\t\t\t\t\t<option value=\"Autre\">Autre<\/option>\n\t\t\t\t\t\t\t<\/select>\n\t\t<\/div>\n\t\t\t\t\t\t<\/div>\n\t\t\t\t\t\t\t\t<div class=\"elementor-field-type-text elementor-field-group elementor-column elementor-field-group-autredetail elementor-col-100\">\n\t\t\t\t\t\t\t\t\t\t\t\t<label for=\"form-field-autredetail\" class=\"elementor-field-label\">\n\t\t\t\t\t\t\t\tAutre texte\t\t\t\t\t\t\t<\/label>\n\t\t\t\t\t\t\t\t\t\t\t\t\t\t<input size=\"1\" type=\"text\" name=\"form_fields[autredetail]\" id=\"form-field-autredetail\" class=\"elementor-field elementor-size-sm  elementor-field-textual\" placeholder=\"Pr\u00e9cisez le type de projet\">\n\t\t\t\t\t\t\t\t\t\t\t<\/div>\n\t\t\t\t\t\t\t\t<div class=\"elementor-field-type-textarea elementor-field-group elementor-column elementor-field-group-message elementor-col-100\">\n\t\t\t\t\t\t\t\t\t\t\t\t<label for=\"form-field-message\" class=\"elementor-field-label\">\n\t\t\t\t\t\t\t\tD\u00e9crivez bri\u00e8vement votre projet ou votre demande\t\t\t\t\t\t\t<\/label>\n\t\t\t\t\t\t<textarea class=\"elementor-field-textual elementor-field  elementor-size-sm\" name=\"form_fields[message]\" id=\"form-field-message\" rows=\"3\"><\/textarea>\t\t\t\t<\/div>\n\t\t\t\t\t\t\t\t<div class=\"elementor-field-type-upload elementor-field-group elementor-column elementor-field-group-file elementor-col-100\">\n\t\t\t\t\t\t\t\t\t\t\t\t<label for=\"form-field-file\" class=\"elementor-field-label\">\n\t\t\t\t\t\t\t\tAjouter des documents (optionnel)<br><span>Plans, esquisses, documents existants (formats accept\u00e9s : .pdf, .jpg et .png)<\/span>\t\t\t\t\t\t\t<\/label>\n\t\t\t\t\t\t\t\t<input type=\"file\" name=\"form_fields[file]\" id=\"form-field-file\" class=\"elementor-field elementor-size-sm  elementor-upload-field\" data-maxsize=\"128\" data-maxsize-message=\"Ce fichier d\u00e9passe la taille maximale autoris\u00e9e.\">\n\n\t\t\t\t\t\t<\/div>\n\t\t\t\t\t\t\t\t<div class=\"elementor-field-type-recaptcha_v3 elementor-field-group elementor-column elementor-field-group-field_4f419ff elementor-col-100 recaptcha_v3-bottomleft\">\n\t\t\t\t\t<div class=\"elementor-field\" id=\"form-field-field_4f419ff\"><div class=\"elementor-g-recaptcha\" data-sitekey=\"6LdnPdsqAAAAAMaO51gF-JeRIyyOvhW_IpZZ7ai_\" data-type=\"v3\" data-action=\"Form\" data-badge=\"bottomleft\" data-size=\"invisible\"><\/div><\/div>\t\t\t\t<\/div>\n\t\t\t\t\t\t\t\t<div class=\"elementor-field-group elementor-column elementor-field-type-submit elementor-col-100 e-form__buttons\">\n\t\t\t\t\t<button class=\"elementor-button elementor-size-sm\" type=\"submit\">\n\t\t\t\t\t\t<span class=\"elementor-button-content-wrapper\">\n\t\t\t\t\t\t\t\t\t\t\t\t\t\t\t\t\t\t\t\t\t\t<span class=\"elementor-button-text\">Soumettre<\/span>\n\t\t\t\t\t\t\t\t\t\t\t\t\t<\/span>\n\t\t\t\t\t<\/button>\n\t\t\t\t<\/div>\n\t\t\t<\/div>\n\t\t<\/form>\n\t\t\t\t\t\t<\/div>\n\t\t\t\t<\/div>\n\t\t\t\t\t<\/div>\n\t\t\t\t<\/div>\n\t\t<div class=\"elementor-element elementor-element-14535e6 e-con-full e-flex e-con e-child\" data-id=\"14535e6\" data-element_type=\"container\" data-settings=\"{&quot;background_background&quot;:&quot;classic&quot;}\">\n\t\t\t\t<div class=\"elementor-element elementor-element-761bc60 elementor-widget elementor-widget-heading\" data-id=\"761bc60\" data-element_type=\"widget\" data-widget_type=\"heading.default\">\n\t\t\t\t<div class=\"elementor-widget-container\">\n\t\t\t\t\t<h2 class=\"elementor-heading-title elementor-size-default\">Une question rapide ? <br>\n\u00c9crivez-nous ou appelez-nous<\/h2>\t\t\t\t<\/div>\n\t\t\t\t<\/div>\n\t\t\t\t<div class=\"elementor-element elementor-element-347c8c6 texte animated-slow elementor-widget__width-initial elementor-invisible elementor-widget elementor-widget-text-editor\" data-id=\"347c8c6\" data-element_type=\"widget\" data-settings=\"{&quot;_animation&quot;:&quot;fadeIn&quot;}\" data-widget_type=\"text-editor.default\">\n\t\t\t\t<div class=\"elementor-widget-container\">\n\t\t\t\t\t\t\t\t\t<p>Notre \u00e9quipe vous r\u00e9pond rapidement<\/p>\t\t\t\t\t\t\t\t<\/div>\n\t\t\t\t<\/div>\n\t\t\t\t<div class=\"elementor-element elementor-element-7f465fa texte animated-slow elementor-widget__width-initial elementor-invisible elementor-widget elementor-widget-text-editor\" data-id=\"7f465fa\" data-element_type=\"widget\" data-settings=\"{&quot;_animation&quot;:&quot;fadeIn&quot;}\" data-widget_type=\"text-editor.default\">\n\t\t\t\t<div class=\"elementor-widget-container\">\n\t\t\t\t\t\t\t\t\t<p>MUSE Solution de Gestion inc.<\/p>\t\t\t\t\t\t\t\t<\/div>\n\t\t\t\t<\/div>\n\t\t\t\t<div class=\"elementor-element elementor-element-2f04fe3 elementor-mobile-align-left elementor-icon-list--layout-traditional elementor-list-item-link-full_width elementor-widget elementor-widget-icon-list\" data-id=\"2f04fe3\" data-element_type=\"widget\" data-widget_type=\"icon-list.default\">\n\t\t\t\t<div class=\"elementor-widget-container\">\n\t\t\t\t\t\t\t<ul class=\"elementor-icon-list-items\">\n\t\t\t\t\t\t\t<li class=\"elementor-icon-list-item\">\n\t\t\t\t\t\t\t\t\t\t\t<a href=\"tel:+15147766873\">\n\n\t\t\t\t\t\t\t\t\t\t\t\t<span class=\"elementor-icon-list-icon\">\n\t\t\t\t\t\t\t<svg xmlns=\"http:\/\/www.w3.org\/2000\/svg\" width=\"17.443\" height=\"17.443\" viewBox=\"0 0 17.443 17.443\"><path id=\"phone-solid_1_\" data-name=\"phone-solid (1)\" d=\"M5.618.816A1.358,1.358,0,0,0,4,.026L1,.844A1.367,1.367,0,0,0,0,2.158,15.263,15.263,0,0,0,15.262,17.42a1.367,1.367,0,0,0,1.315-1l.818-3A1.358,1.358,0,0,0,16.6,11.8l-3.27-1.363a1.358,1.358,0,0,0-1.577.4L10.38,12.515A11.514,11.514,0,0,1,4.906,7.04L6.585,5.667a1.36,1.36,0,0,0,.4-1.577L5.618.82Z\" transform=\"translate(0 0.023)\" fill=\"#e6e3de\"><\/path><\/svg>\t\t\t\t\t\t<\/span>\n\t\t\t\t\t\t\t\t\t\t<span class=\"elementor-icon-list-text\">514-776-MUSE<\/span>\n\t\t\t\t\t\t\t\t\t\t\t<\/a>\n\t\t\t\t\t\t\t\t\t<\/li>\n\t\t\t\t\t\t\t\t<li class=\"elementor-icon-list-item\">\n\t\t\t\t\t\t\t\t\t\t\t<a href=\"mailto:info@musesolution.ca\">\n\n\t\t\t\t\t\t\t\t\t\t\t\t<span class=\"elementor-icon-list-icon\">\n\t\t\t\t\t\t\t<svg xmlns=\"http:\/\/www.w3.org\/2000\/svg\" width=\"15.939\" height=\"11.954\" viewBox=\"0 0 15.939 11.954\"><path id=\"envelope-solid\" d=\"M1.494,64a1.494,1.494,0,0,0-.9,2.69L7.372,71.77a1,1,0,0,0,1.2,0l6.774-5.081a1.494,1.494,0,0,0-.9-2.69ZM0,67.487v6.475a1.994,1.994,0,0,0,1.992,1.992H13.947a1.994,1.994,0,0,0,1.992-1.992V67.487L9.165,72.567a1.989,1.989,0,0,1-2.391,0Z\" transform=\"translate(0 -64)\" fill=\"#e6e3de\"><\/path><\/svg>\t\t\t\t\t\t<\/span>\n\t\t\t\t\t\t\t\t\t\t<span class=\"elementor-icon-list-text\">info@musesolution.ca<\/span>\n\t\t\t\t\t\t\t\t\t\t\t<\/a>\n\t\t\t\t\t\t\t\t\t<\/li>\n\t\t\t\t\t\t<\/ul>\n\t\t\t\t\t\t<\/div>\n\t\t\t\t<\/div>\n\t\t\t\t<div class=\"elementor-element elementor-element-4d42730 elementor-mobile-align-left elementor-icon-list--layout-traditional elementor-list-item-link-full_width elementor-widget elementor-widget-icon-list\" data-id=\"4d42730\" data-element_type=\"widget\" data-widget_type=\"icon-list.default\">\n\t\t\t\t<div class=\"elementor-widget-container\">\n\t\t\t\t\t\t\t<ul class=\"elementor-icon-list-items\">\n\t\t\t\t\t\t\t<li class=\"elementor-icon-list-item\">\n\t\t\t\t\t\t\t\t\t\t\t<a href=\"https:\/\/www.google.com\/maps\/dir\/\/30+Chem.+de+la+Grande-C%C3%B4te,+Boisbriand,+QC+J7G+1E2\/@45.6190795,-73.8950333,12z\/data=!4m8!4m7!1m0!1m5!1m1!1s0x4cc927001e6dc6e9:0x4efdae8b5a294bda!2m2!1d-73.8126139!2d45.6190892?entry=ttu&#038;g_ep=EgoyMDI1MDIxMi4wIKXMDSoASAFQAw%3D%3D\" target=\"_blank\" rel=\"noopener\">\n\n\t\t\t\t\t\t\t\t\t\t\t\t<span class=\"elementor-icon-list-icon\">\n\t\t\t\t\t\t\t<svg xmlns=\"http:\/\/www.w3.org\/2000\/svg\" width=\"15.939\" height=\"21.197\" viewBox=\"0 0 15.939 21.197\"><path id=\"location-dot-solid_1_\" data-name=\"location-dot-solid (1)\" d=\"M8.953,20.721c2.129-2.665,6.986-9.123,6.986-12.751A7.969,7.969,0,0,0,0,7.969C0,11.6,4.856,18.056,6.986,20.721A1.254,1.254,0,0,0,8.953,20.721ZM7.969,5.313A2.656,2.656,0,1,1,5.313,7.969,2.656,2.656,0,0,1,7.969,5.313Z\" fill=\"#e6e3de\"><\/path><\/svg>\t\t\t\t\t\t<\/span>\n\t\t\t\t\t\t\t\t\t\t<span class=\"elementor-icon-list-text\">30 chemin de la Grande-C\u00f4te, <br>Boisbriand, QC J7G 1E2<\/span>\n\t\t\t\t\t\t\t\t\t\t\t<\/a>\n\t\t\t\t\t\t\t\t\t<\/li>\n\t\t\t\t\t\t<\/ul>\n\t\t\t\t\t\t<\/div>\n\t\t\t\t<\/div>\n\t\t\t\t<div class=\"elementor-element elementor-element-17eea7f elementor-widget elementor-widget-image\" data-id=\"17eea7f\" data-element_type=\"widget\" data-widget_type=\"image.default\">\n\t\t\t\t<div class=\"elementor-widget-container\">\n\t\t\t\t\t\t\t\t\t\t\t\t\t\t\t\t<a href=\"https:\/\/www.google.com\/maps\/dir\/\/30+Chem.+de+la+Grande-C%C3%B4te,+Boisbriand,+QC+J7G+1E2\/@45.6190795,-73.8950333,12z\/data=!4m8!4m7!1m0!1m5!1m1!1s0x4cc927001e6dc6e9:0x4efdae8b5a294bda!2m2!1d-73.8126139!2d45.6190892?entry=ttu&#038;g_ep=EgoyMDI1MDIxMi4wIKXMDSoASAFQAw%3D%3D\" target=\"_blank\" rel=\"noopener\">\n\t\t\t\t\t\t\t<img decoding=\"async\" width=\"777\" height=\"399\" src=\"https:\/\/musesolution.ca\/wp-content\/uploads\/2026\/03\/Groupe-357.png\" class=\"attachment-full size-full wp-image-3240\" alt=\"\" srcset=\"https:\/\/musesolution.ca\/wp-content\/uploads\/2026\/03\/Groupe-357.png 777w, https:\/\/musesolution.ca\/wp-content\/uploads\/2026\/03\/Groupe-357-300x154.png 300w, https:\/\/musesolution.ca\/wp-content\/uploads\/2026\/03\/Groupe-357-768x394.png 768w\" sizes=\"(max-width: 777px) 100vw, 777px\" title=\"\">\t\t\t\t\t\t\t\t<\/a>\n\t\t\t\t\t\t\t\t\t\t\t\t\t\t\t<\/div>\n\t\t\t\t<\/div>\n\t\t\t\t<\/div>\n\t\t\t\t<\/div>\n\t\t\t\t<\/div>\n\t\t","protected":false},"excerpt":{"rendered":"<p>Expertise en gestion de conception, design et gestion de construction Parlez-nous de votre projet Nous planifierons rapidement un premier \u00e9change Une question rapide ? \u00c9crivez-nous ou appelez-nous Notre \u00e9quipe vous r\u00e9pond rapidement MUSE Solution de Gestion inc. 514-776-MUSE info@musesolution.ca 30 chemin de la Grande-C\u00f4te, Boisbriand, QC J7G 1E2<\/p>\n","protected":false},"author":1,"featured_media":0,"parent":0,"menu_order":0,"comment_status":"closed","ping_status":"closed","template":"","meta":{"footnotes":""},"class_list":["post-63","page","type-page","status-publish","hentry"],"_links":{"self":[{"href":"https:\/\/musesolution.ca\/fr\/wp-json\/wp\/v2\/pages\/63","targetHints":{"allow":["GET"]}}],"collection":[{"href":"https:\/\/musesolution.ca\/fr\/wp-json\/wp\/v2\/pages"}],"about":[{"href":"https:\/\/musesolution.ca\/fr\/wp-json\/wp\/v2\/types\/page"}],"author":[{"embeddable":true,"href":"https:\/\/musesolution.ca\/fr\/wp-json\/wp\/v2\/users\/1"}],"replies":[{"embeddable":true,"href":"https:\/\/musesolution.ca\/fr\/wp-json\/wp\/v2\/comments?post=63"}],"version-history":[{"count":125,"href":"https:\/\/musesolution.ca\/fr\/wp-json\/wp\/v2\/pages\/63\/revisions"}],"predecessor-version":[{"id":3334,"href":"https:\/\/musesolution.ca\/fr\/wp-json\/wp\/v2\/pages\/63\/revisions\/3334"}],"wp:attachment":[{"href":"https:\/\/musesolution.ca\/fr\/wp-json\/wp\/v2\/media?parent=63"}],"curies":[{"name":"wp","href":"https:\/\/api.w.org\/{rel}","templated":true}]}}